{"id":47,"date":"2025-07-12T13:20:43","date_gmt":"2025-07-12T13:20:43","guid":{"rendered":"https:\/\/nwavbwc.cluster021.hosting.ovh.net\/?page_id=47"},"modified":"2025-09-17T09:28:59","modified_gmt":"2025-09-17T09:28:59","slug":"exemples-daccompagnements","status":"publish","type":"page","link":"https:\/\/tandemconseils.com\/index.php\/exemples-daccompagnements\/","title":{"rendered":"Qui suis-je ?"},"content":{"rendered":"\n<p><\/p>\n\n\n\n<h2 class=\"wp-block-heading\">L&#8217;accompagnement : un parcours, un m\u00e9tier&#8230;<\/h2>\n\n\n\n<p><\/p>\n\n\n\n<div class=\"wp-block-columns is-layout-flex wp-container-core-columns-is-layout-8780eae4 wp-block-columns-is-layout-flex\" style=\"padding-top:0;padding-right:var(--wp--preset--spacing--20);padding-bottom:0;padding-left:var(--wp--preset--spacing--20)\">\n<div class=\"wp-block-column is-vertically-aligned-top is-layout-flow wp-block-column-is-layout-flow\" style=\"flex-basis:66.66%\">\n<h3 class=\"wp-block-heading\"><mark style=\"background-color:rgba(0, 0, 0, 0);color:#0693e3\" class=\"has-inline-color\">&#8220;Coach et Consultante aupr\u00e8s des Managers et Dirigeants d\u2019entreprise, je les aide \u00e0 concilier performance durable et bien-\u00eatre au travail.&#8221;<\/mark><\/h3>\n\n\n\n<blockquote class=\"wp-block-quote is-layout-flow wp-block-quote-is-layout-flow\">\n<p>Mes activit\u00e9s : <\/p>\n\n\n\n<ul class=\"wp-block-list\">\n<li>Coaching individuel et d&#8217;\u00e9quipe<\/li>\n\n\n\n<li>Consultante et formatrice en Management<\/li>\n\n\n\n<li>Consultante et formatrice en Qualit\u00e9 de Vie et Conditions de travail<\/li>\n<\/ul>\n<\/blockquote>\n\n\n\n<blockquote class=\"wp-block-quote is-layout-flow wp-block-quote-is-layout-flow\">\n<p>Mes convictions&nbsp;:<\/p>\n\n\n\n<ul class=\"wp-block-list\">\n<li><mark style=\"background-color:rgba(0, 0, 0, 0);color:#0693e3\" class=\"has-inline-color\">EVOLUER<\/mark> en continu est source d\u2019<mark style=\"background-color:rgba(0, 0, 0, 0);color:#0693e3\" class=\"has-inline-color\">EPANOUISSEMENT<\/mark>, \u00e0 tout \u00e2ge, dans toute situation.<\/li>\n\n\n\n<li>Conna\u00eetre et capitaliser sur ses <mark style=\"background-color:rgba(0, 0, 0, 0);color:#0693e3\" class=\"has-inline-color\">TALENTS NATURELS<\/mark> est LA voie d\u2019excellence vers une <mark style=\"background-color:rgba(0, 0, 0, 0);color:#0693e3\" class=\"has-inline-color\">PERFORMANCE DURABLE<\/mark>.<\/li>\n\n\n\n<li>Chercher l\u2019<mark style=\"background-color:rgba(0, 0, 0, 0);color:#0693e3\" class=\"has-inline-color\">HARMONIE<\/mark> pour soi, avec son entourage et son environnement est une v\u00e9ritable <mark style=\"background-color:rgba(0, 0, 0, 0);color:#0693e3\" class=\"has-inline-color\">BOUSSOLE<\/mark>.<\/li>\n<\/ul>\n<\/blockquote>\n<\/div>\n\n\n\n<div class=\"wp-block-column is-vertically-aligned-top is-layout-flow wp-block-column-is-layout-flow\" style=\"flex-basis:33.33%\">\n<figure class=\"wp-block-image aligncenter size-large is-resized\"><img loading=\"lazy\" decoding=\"async\" width=\"791\" height=\"1024\" src=\"http:\/\/nwavbwc.cluster021.hosting.ovh.net\/wp-content\/uploads\/2025\/07\/Photo-Nathalie-centree-022022-1-791x1024.jpg\" alt=\"\" class=\"wp-image-86\" style=\"width:188px;height:auto\" srcset=\"https:\/\/tandemconseils.com\/wp-content\/uploads\/2025\/07\/Photo-Nathalie-centree-022022-1-791x1024.jpg 791w, https:\/\/tandemconseils.com\/wp-content\/uploads\/2025\/07\/Photo-Nathalie-centree-022022-1-232x300.jpg 232w, https:\/\/tandemconseils.com\/wp-content\/uploads\/2025\/07\/Photo-Nathalie-centree-022022-1-768x994.jpg 768w, https:\/\/tandemconseils.com\/wp-content\/uploads\/2025\/07\/Photo-Nathalie-centree-022022-1.jpg 974w\" sizes=\"auto, (max-width: 791px) 100vw, 791px\" \/><\/figure>\n\n\n\n<p class=\"has-text-align-center\">Nathalie Le Coq<\/p>\n\n\n\n<figure class=\"wp-block-pullquote has-small-font-size\" style=\"border-style:none;border-width:0px;margin-top:0;margin-bottom:0;padding-top:0;padding-right:var(--wp--preset--spacing--60);padding-bottom:0;padding-left:var(--wp--preset--spacing--60)\"><blockquote><p><strong>Ma devise :<br>&#8220;La vie, c&#8217;est comme une bicyclette. Il faut avancer pour ne pas perdre l&#8217;\u00e9quilibre.&#8221; Albert Einstein<\/strong><\/p><\/blockquote><\/figure>\n<\/div>\n<\/div>\n\n\n\n<div class=\"wp-block-buttons is-content-justification-center is-layout-flex wp-container-core-buttons-is-layout-a89b3969 wp-block-buttons-is-layout-flex\">\n<div class=\"wp-block-button\"><a class=\"wp-block-button__link wp-element-button\" href=\"https:\/\/tandemconseils.com\/index.php\/sample-page\/\" target=\"_blank\" rel=\"noreferrer noopener\">Contact<\/a><\/div>\n<\/div>\n\n\n\n<hr class=\"wp-block-separator has-alpha-channel-opacity\"\/>\n\n\n\n<h2 class=\"wp-block-heading\">Parcours<\/h2>\n\n\n\n<ul class=\"wp-block-list\">\n<li>Tr\u00e8s attach\u00e9e au fait de <mark style=\"background-color:rgba(0, 0, 0, 0);color:#0693e3\" class=\"has-inline-color\">GRANDIR<\/mark>, le go\u00fbt du d\u00e9veloppement des personnes et des \u00e9quipes m\u2019accompagne depuis toujours. Etre <mark style=\"background-color:rgba(0, 0, 0, 0);color:#0693e3\" class=\"has-inline-color\">UTILE<\/mark> aux autres \u00e0 et une cause fait aussi partie de mon moteur interne.<\/li>\n<\/ul>\n\n\n\n<ul class=\"wp-block-list\">\n<li>Pendant plus de 25 ans, j\u2019ai occup\u00e9 des fonctions de <mark style=\"background-color:rgba(0, 0, 0, 0);color:#0693e3\" class=\"has-inline-color\">management<\/mark> dans l\u2019univers des multinationales de l\u2019agroalimentaire, sur des p\u00e9rim\u00e8tres fran\u00e7ais et international<s>.<\/s> Au fil des transformations qui jalonnent la vie de l\u2019entreprise, j\u2019ai toujours port\u00e9 attention \u00e0 la <mark style=\"background-color:rgba(0, 0, 0, 0);color:#0693e3\" class=\"has-inline-color\">croissance et au bien-\u00eatre de mes \u00e9quipes<\/mark>, afin de d\u00e9velopper leur engagement au service des <mark style=\"background-color:rgba(0, 0, 0, 0);color:#0693e3\" class=\"has-inline-color\">objectifs de l\u2019organisation<\/mark>.<\/li>\n<\/ul>\n\n\n\n<ul class=\"wp-block-list\">\n<li>Ce parcours m\u2019a permis de comprendre les <mark style=\"background-color:rgba(0, 0, 0, 0);color:#0693e3\" class=\"has-inline-color\">enjeux du leadership<\/mark>, les <mark style=\"background-color:rgba(0, 0, 0, 0);color:#0693e3\" class=\"has-inline-color\">leviers de l\u2019engagement,<\/mark> et les <mark style=\"background-color:rgba(0, 0, 0, 0);color:#0693e3\" class=\"has-inline-color\">d\u00e9fis humains<\/mark> que rencontrent les managers au quotidien. Les accompagner vers l\u2019atteinte de leurs objectifs est la fa\u00e7on dont j\u2019ai choisi de poursuivre mon parcours pour continuer \u00e0 lui <mark style=\"background-color:rgba(0, 0, 0, 0);color:#0693e3\" class=\"has-inline-color\">donner du<\/mark> <mark style=\"background-color:rgba(0, 0, 0, 0);color:#0693e3\" class=\"has-inline-color\">sens<\/mark>. C\u2019est ma fa\u00e7on d&#8217;avancer, de grandir et d\u2019\u00eatre utile&nbsp;!<\/li>\n<\/ul>\n\n\n\n<ul class=\"wp-block-list\">\n<li>Je me forme depuis en continu pour compl\u00e9ter les comp\u00e9tences et exp\u00e9riences acquises en management.<\/li>\n<\/ul>\n\n\n\n<div class=\"wp-block-buttons is-content-justification-center is-layout-flex wp-container-core-buttons-is-layout-a89b3969 wp-block-buttons-is-layout-flex\">\n<div class=\"wp-block-button\"><a class=\"wp-block-button__link wp-element-button\" href=\"https:\/\/tandemconseils.com\/index.php\/sample-page\/\" target=\"_blank\" rel=\"noreferrer noopener\">Contact<\/a><\/div>\n<\/div>\n\n\n\n<hr class=\"wp-block-separator has-alpha-channel-opacity\"\/>\n\n\n\n<p><\/p>\n\n\n\n<h2 class=\"wp-block-heading\">Valeurs<\/h2>\n\n\n\n<div class=\"wp-block-group is-horizontal is-content-justification-left is-nowrap is-layout-flex wp-container-core-group-is-layout-4ff7c80d wp-block-group-is-layout-flex\" style=\"padding-top:var(--wp--preset--spacing--20);padding-right:var(--wp--preset--spacing--20);padding-bottom:var(--wp--preset--spacing--20);padding-left:var(--wp--preset--spacing--20)\">\n<figure class=\"wp-block-image size-full is-resized wp-duotone-unset-1\"><img loading=\"lazy\" decoding=\"async\" width=\"114\" height=\"236\" src=\"http:\/\/tandemconseils.com\/wp-content\/uploads\/2025\/07\/Coq-bleu-vif-3.jpg\" alt=\"\" class=\"wp-image-174\" style=\"width:79px;height:auto\"\/><\/figure>\n\n\n\n<ul class=\"wp-block-list\">\n<li><mark style=\"background-color:rgba(0, 0, 0, 0);color:#0693e3\" class=\"has-inline-color\"><strong>Authenticit\u00e9<\/strong><\/mark> dans les \u00e9changes \u2013 rester fid\u00e8le \u00e0 soi-m\u00eame &#8211; respect et bienveillance sans complaisance<\/li>\n\n\n\n<li><strong><mark style=\"background-color:rgba(0, 0, 0, 0);color:#0693e3\" class=\"has-inline-color\">D\u00e9veloppement<\/mark><\/strong> \u2013 se challenger pour avancer \u2013 se poser pour prendre conscience des progr\u00e8s, et recommencer&nbsp;!<\/li>\n\n\n\n<li><strong><mark style=\"background-color:rgba(0, 0, 0, 0);color:#0693e3\" class=\"has-inline-color\">Harmonie<\/mark><\/strong> \u2013 trouver sa juste place, en coh\u00e9rence avec ses valeurs et talents, son r\u00f4le, et les objectifs de l\u2019organisation<\/li>\n\n\n\n<li><strong><mark style=\"background-color:rgba(0, 0, 0, 0);color:#0693e3\" class=\"has-inline-color\">Equilibre<\/mark><\/strong> \u2013 cr\u00e9er des relations durables et des b\u00e9n\u00e9fices mutuels<\/li>\n<\/ul>\n<\/div>\n\n\n\n<hr class=\"wp-block-separator has-alpha-channel-opacity\"\/>\n\n\n\n<p><\/p>\n\n\n\n<h2 class=\"wp-block-heading\">Certifications<\/h2>\n\n\n\n<div class=\"wp-block-group alignwide is-content-justification-center is-nowrap is-layout-flex wp-container-core-group-is-layout-4fd46ba2 wp-block-group-is-layout-flex\" style=\"padding-top:var(--wp--preset--spacing--30);padding-bottom:var(--wp--preset--spacing--30)\">\n<figure class=\"wp-block-image size-full is-resized\"><img loading=\"lazy\" decoding=\"async\" width=\"258\" height=\"258\" src=\"http:\/\/nwavbwc.cluster021.hosting.ovh.net\/wp-content\/uploads\/2025\/07\/associate-certified-coach-acc.png\" alt=\"\" class=\"wp-image-88\" style=\"width:127px;height:auto\" srcset=\"https:\/\/tandemconseils.com\/wp-content\/uploads\/2025\/07\/associate-certified-coach-acc.png 258w, https:\/\/tandemconseils.com\/wp-content\/uploads\/2025\/07\/associate-certified-coach-acc-150x150.png 150w\" sizes=\"auto, (max-width: 258px) 100vw, 258px\" \/><figcaption class=\"wp-element-caption\"><sub>Coach Certifi\u00e9e ICF (International Coaching Federation)<\/sub><\/figcaption><\/figure>\n\n\n\n<figure class=\"wp-block-image size-full is-resized\"><img loading=\"lazy\" decoding=\"async\" width=\"959\" height=\"347\" src=\"http:\/\/nwavbwc.cluster021.hosting.ovh.net\/wp-content\/uploads\/2025\/07\/logo-paris-dauphine-1.jpeg\" alt=\"\" class=\"wp-image-196\" style=\"width:257px;height:auto\" srcset=\"https:\/\/tandemconseils.com\/wp-content\/uploads\/2025\/07\/logo-paris-dauphine-1.jpeg 959w, https:\/\/tandemconseils.com\/wp-content\/uploads\/2025\/07\/logo-paris-dauphine-1-300x109.jpeg 300w, https:\/\/tandemconseils.com\/wp-content\/uploads\/2025\/07\/logo-paris-dauphine-1-768x278.jpeg 768w\" sizes=\"auto, (max-width: 959px) 100vw, 959px\" \/><figcaption class=\"wp-element-caption\"><br><sub>Executive Master Coaching &amp; Management (Coaching d&#8217;\u00e9quipe et d&#8217;organisation)<\/sub><\/figcaption><\/figure>\n\n\n\n<figure class=\"wp-block-image size-full is-resized\"><img loading=\"lazy\" decoding=\"async\" width=\"552\" height=\"349\" src=\"http:\/\/nwavbwc.cluster021.hosting.ovh.net\/wp-content\/uploads\/2025\/07\/Logo_-_DISC_Certified-1.jpg\" alt=\"\" class=\"wp-image-197\" style=\"width:196px;height:auto\" srcset=\"https:\/\/tandemconseils.com\/wp-content\/uploads\/2025\/07\/Logo_-_DISC_Certified-1.jpg 552w, https:\/\/tandemconseils.com\/wp-content\/uploads\/2025\/07\/Logo_-_DISC_Certified-1-300x190.jpg 300w\" sizes=\"auto, (max-width: 552px) 100vw, 552px\" \/><figcaption class=\"wp-element-caption\"><sub>Certification outils DISC et Work Place Motivators<\/sub><\/figcaption><\/figure>\n<\/div>\n\n\n\n<p><\/p>\n\n\n\n<div class=\"wp-block-buttons is-content-justification-center is-layout-flex wp-container-core-buttons-is-layout-a89b3969 wp-block-buttons-is-layout-flex\">\n<div class=\"wp-block-button\"><a class=\"wp-block-button__link wp-element-button\" href=\"https:\/\/tandemconseils.com\/index.php\/sample-page\/\" target=\"_blank\" rel=\"noreferrer noopener\">Contact<\/a><\/div>\n<\/div>\n\n\n\n<p><\/p>\n","protected":false},"excerpt":{"rendered":"<p>L&#8217;accompagnement : un parcours, un m\u00e9tier&#8230; &#8220;Coach et Consultante aupr\u00e8s des Managers et Dirigeants d\u2019entreprise, je les aide \u00e0 concilier [&hellip;]<\/p>\n","protected":false},"author":1,"featured_media":0,"parent":0,"menu_order":0,"comment_status":"closed","ping_status":"closed","template":"","meta":{"site-sidebar-layout":"default","site-content-layout":"","ast-site-content-layout":"default","site-content-style":"default","site-sidebar-style":"default","ast-global-header-display":"","ast-banner-title-visibility":"","ast-main-header-display":"","ast-hfb-above-header-display":"","ast-hfb-below-header-display":"","ast-hfb-mobile-header-display":"","site-post-title":"disabled","ast-breadcrumbs-content":"","ast-featured-img":"","footer-sml-layout":"","theme-transparent-header-meta":"","adv-header-id-meta":"","stick-header-meta":"","header-above-stick-meta":"","header-main-stick-meta":"","header-below-stick-meta":"","astra-migrate-meta-layouts":"default","ast-page-background-enabled":"default","ast-page-background-meta":{"desktop":{"background-color":"var(--ast-global-color-5)","background-image":"","background-repeat":"repeat","background-position":"center center","background-size":"auto","background-attachment":"scroll","background-type":"","background-media":"","overlay-type":"","overlay-color":"","overlay-opacity":"","overlay-gradient":""},"tablet":{"background-color":"","background-image":"","background-repeat":"repeat","background-position":"center center","background-size":"auto","background-attachment":"scroll","background-type":"","background-media":"","overlay-type":"","overlay-color":"","overlay-opacity":"","overlay-gradient":""},"mobile":{"background-color":"","background-image":"","background-repeat":"repeat","background-position":"center center","background-size":"auto","background-attachment":"scroll","background-type":"","background-media":"","overlay-type":"","overlay-color":"","overlay-opacity":"","overlay-gradient":""}},"ast-content-background-meta":{"desktop":{"background-color":"var(--ast-global-color-4)","background-image":"","background-repeat":"repeat","background-position":"center center","background-size":"auto","background-attachment":"scroll","background-type":"","background-media":"","overlay-type":"","overlay-color":"","overlay-opacity":"","overlay-gradient":""},"tablet":{"background-color":"var(--ast-global-color-4)","background-image":"","background-repeat":"repeat","background-position":"center center","background-size":"auto","background-attachment":"scroll","background-type":"","background-media":"","overlay-type":"","overlay-color":"","overlay-opacity":"","overlay-gradient":""},"mobile":{"background-color":"var(--ast-global-color-4)","background-image":"","background-repeat":"repeat","background-position":"center center","background-size":"auto","background-attachment":"scroll","background-type":"","background-media":"","overlay-type":"","overlay-color":"","overlay-opacity":"","overlay-gradient":""}},"footnotes":""},"class_list":["post-47","page","type-page","status-publish","hentry"],"_links":{"self":[{"href":"https:\/\/tandemconseils.com\/index.php\/wp-json\/wp\/v2\/pages\/47","targetHints":{"allow":["GET"]}}],"collection":[{"href":"https:\/\/tandemconseils.com\/index.php\/wp-json\/wp\/v2\/pages"}],"about":[{"href":"https:\/\/tandemconseils.com\/index.php\/wp-json\/wp\/v2\/types\/page"}],"author":[{"embeddable":true,"href":"https:\/\/tandemconseils.com\/index.php\/wp-json\/wp\/v2\/users\/1"}],"replies":[{"embeddable":true,"href":"https:\/\/tandemconseils.com\/index.php\/wp-json\/wp\/v2\/comments?post=47"}],"version-history":[{"count":41,"href":"https:\/\/tandemconseils.com\/index.php\/wp-json\/wp\/v2\/pages\/47\/revisions"}],"predecessor-version":[{"id":581,"href":"https:\/\/tandemconseils.com\/index.php\/wp-json\/wp\/v2\/pages\/47\/revisions\/581"}],"wp:attachment":[{"href":"https:\/\/tandemconseils.com\/index.php\/wp-json\/wp\/v2\/media?parent=47"}],"curies":[{"name":"wp","href":"https:\/\/api.w.org\/{rel}","templated":true}]}}