{"id":30,"date":"2025-07-09T14:57:17","date_gmt":"2025-07-09T14:57:17","guid":{"rendered":"http:\/\/nwavbwc.cluster021.hosting.ovh.net\/?page_id=30"},"modified":"2025-09-17T09:26:30","modified_gmt":"2025-09-17T09:26:30","slug":"offre","status":"publish","type":"page","link":"https:\/\/tandemconseils.com\/index.php\/offre\/","title":{"rendered":"Accompagnement individuel"},"content":{"rendered":"\n<h2 class=\"wp-block-heading\">Accompagnement individuel<\/h2>\n\n\n\n<div class=\"wp-block-columns is-layout-flex wp-container-core-columns-is-layout-beb8f2a2 wp-block-columns-is-layout-flex\" style=\"margin-top:0;margin-bottom:0;padding-top:var(--wp--preset--spacing--40);padding-right:var(--wp--preset--spacing--20);padding-bottom:var(--wp--preset--spacing--40);padding-left:var(--wp--preset--spacing--20);font-size:20px\">\n<div class=\"wp-block-column is-vertically-aligned-center is-layout-flow wp-block-column-is-layout-flow\" style=\"flex-basis:50%\">\n<h3 class=\"wp-block-heading\" style=\"font-size:30px\"><mark style=\"background-color:rgba(0, 0, 0, 0)\" class=\"has-inline-color has-ast-global-color-0-color\">Les d\u00e9fis \u00e0 relever !<\/mark><\/h3>\n\n\n\n<ul class=\"wp-block-list\">\n<li>Prendre un bon d\u00e9part dans un nouveau poste<\/li>\n\n\n\n<li>Adapter votre posture \u00e0 des situations complexes<\/li>\n\n\n\n<li>Retrouver un \u00e9quilibre entre vie pro et perso<\/li>\n\n\n\n<li>Communiquer avec plus d\u2019impact<\/li>\n\n\n\n<li>Faire \u00e9voluer votre r\u00f4le ou votre parcours<\/li>\n\n\n\n<li>Gagner en clart\u00e9 dans vos d\u00e9cisions<\/li>\n\n\n\n<li>Faire grandir vos collaborateurs avec justesse<\/li>\n<\/ul>\n<\/div>\n\n\n\n<div class=\"wp-block-column is-vertically-aligned-center is-layout-flow wp-block-column-is-layout-flow\" style=\"flex-basis:50%\">\n<figure class=\"wp-block-image alignright size-large\"><img loading=\"lazy\" decoding=\"async\" width=\"1024\" height=\"684\" src=\"http:\/\/nwavbwc.cluster021.hosting.ovh.net\/wp-content\/uploads\/2025\/07\/Solutions_Coaching-de-dirigeant-equipe-codir_Healthy-Management-1024x684.png\" alt=\"\" class=\"wp-image-75\" srcset=\"https:\/\/tandemconseils.com\/wp-content\/uploads\/2025\/07\/Solutions_Coaching-de-dirigeant-equipe-codir_Healthy-Management-1024x684.png 1024w, https:\/\/tandemconseils.com\/wp-content\/uploads\/2025\/07\/Solutions_Coaching-de-dirigeant-equipe-codir_Healthy-Management-300x200.png 300w, https:\/\/tandemconseils.com\/wp-content\/uploads\/2025\/07\/Solutions_Coaching-de-dirigeant-equipe-codir_Healthy-Management-768x513.png 768w, https:\/\/tandemconseils.com\/wp-content\/uploads\/2025\/07\/Solutions_Coaching-de-dirigeant-equipe-codir_Healthy-Management-1536x1026.png 1536w, https:\/\/tandemconseils.com\/wp-content\/uploads\/2025\/07\/Solutions_Coaching-de-dirigeant-equipe-codir_Healthy-Management-2048x1368.png 2048w\" sizes=\"auto, (max-width: 1024px) 100vw, 1024px\" \/><\/figure>\n<\/div>\n<\/div>\n\n\n\n<p><\/p>\n\n\n\n<h2 class=\"wp-block-heading\" style=\"font-size:30px\">Accompagnements propos\u00e9s<\/h2>\n\n\n\n<div class=\"wp-block-group is-nowrap is-layout-flex wp-container-core-group-is-layout-316996fe wp-block-group-is-layout-flex\" style=\"margin-top:0;margin-bottom:0;padding-top:0;padding-right:var(--wp--preset--spacing--20);padding-bottom:0;padding-left:var(--wp--preset--spacing--20)\">\n<div class=\"wp-block-group has-ast-global-color-6-background-color has-background is-layout-constrained wp-block-group-is-layout-constrained\">\n<p><strong><mark style=\"background-color:rgba(0, 0, 0, 0);color:#0693e3\" class=\"has-inline-color\">Coaching individuel<\/mark><\/strong><\/p>\n\n\n\n<p>Le coaching est un accompagnement sur mesure qui permet de trouver ses propres solutions aux d\u00e9fis rencontr\u00e9s, \u00e0 partir de ses forces, de son style, et de ses objectifs. Il favorise les prises de conscience et permet d\u2019exp\u00e9rimenter de nouvelles fa\u00e7ons d\u2019agir. C\u2019est aussi un moment privil\u00e9gi\u00e9 pour \u00ab&nbsp;poser&nbsp;les valises&nbsp;\u00bb, retrouver de l\u2019oxyg\u00e8ne, l\u2019\u00e9nergie et l\u2019envie d\u2019avancer.&nbsp;&nbsp;&nbsp;&nbsp;&nbsp;&nbsp;&nbsp;&nbsp;&nbsp;&nbsp;&nbsp;<\/p>\n<\/div>\n\n\n\n<div class=\"wp-block-group has-ast-global-color-6-background-color has-background is-layout-constrained wp-block-group-is-layout-constrained\">\n<p><strong><mark style=\"background-color:rgba(0, 0, 0, 0);color:#0693e3\" class=\"has-inline-color\">Conseils et formation en Management<\/mark><\/strong><\/p>\n\n\n\n<p>Cet accompagnement cibl\u00e9 permet d\u2019enrichir sa &#8220;boite \u00e0 outils&#8221; manag\u00e9riale&nbsp;pour engager durablement ses \u00e9quipes&nbsp;: d\u00e9velopper une vision strat\u00e9gique, savoir s\u2019entourer, mener des r\u00e9unions efficaces, structurer les modes de fonctionnement de l&#8217;\u00e9quipe, mener des transformations n\u00e9cessaires \u00e0 la bonne sant\u00e9 de l\u2019organisation&#8230;<\/p>\n<\/div>\n<\/div>\n\n\n\n<p><\/p>\n\n\n\n<div class=\"wp-block-buttons is-content-justification-center is-layout-flex wp-container-core-buttons-is-layout-a89b3969 wp-block-buttons-is-layout-flex\">\n<div class=\"wp-block-button\"><a class=\"wp-block-button__link wp-element-button\" href=\"https:\/\/tandemconseils.com\/index.php\/sample-page\/\" target=\"_blank\" rel=\"noreferrer noopener\">Contact<\/a><\/div>\n<\/div>\n\n\n\n<h2 class=\"wp-block-heading\" style=\"font-size:30px\">M\u00e9thode<\/h2>\n\n\n\n<ol class=\"wp-block-list\">\n<li>Rencontre et d\u00e9finition des objectifs<\/li>\n\n\n\n<li>Accord tripartite avec RH ou hi\u00e9rarchie (si n\u00e9cessaire)<\/li>\n\n\n\n<li>S\u00e9ances de travail (1h30 \u00e0 2h toutes les 3 semaines, sur 4 \u00e0 6 mois \u2013 <em>\u00e0 titre indicatif<\/em>)<\/li>\n\n\n\n<li>Bilan de fin d\u2019accompagnement<\/li>\n<\/ol>\n\n\n\n<p><\/p>\n\n\n\n<div class=\"wp-block-buttons is-content-justification-center is-layout-flex wp-container-core-buttons-is-layout-a89b3969 wp-block-buttons-is-layout-flex\">\n<div class=\"wp-block-button\"><a class=\"wp-block-button__link wp-element-button\" href=\"https:\/\/tandemconseils.com\/index.php\/sample-page\/\" target=\"_blank\" rel=\"noreferrer noopener\">Contact<\/a><\/div>\n<\/div>\n\n\n\n<p><\/p>\n","protected":false},"excerpt":{"rendered":"<p>Accompagnement individuel Les d\u00e9fis \u00e0 relever ! Accompagnements propos\u00e9s Coaching individuel Le coaching est un accompagnement sur mesure qui permet [&hellip;]<\/p>\n","protected":false},"author":1,"featured_media":0,"parent":0,"menu_order":0,"comment_status":"closed","ping_status":"closed","template":"","meta":{"site-sidebar-layout":"default","site-content-layout":"","ast-site-content-layout":"default","site-content-style":"default","site-sidebar-style":"default","ast-global-header-display":"","ast-banner-title-visibility":"","ast-main-header-display":"","ast-hfb-above-header-display":"","ast-hfb-below-header-display":"","ast-hfb-mobile-header-display":"","site-post-title":"disabled","ast-breadcrumbs-content":"","ast-featured-img":"","footer-sml-layout":"","theme-transparent-header-meta":"","adv-header-id-meta":"","stick-header-meta":"","header-above-stick-meta":"","header-main-stick-meta":"","header-below-stick-meta":"","astra-migrate-meta-layouts":"default","ast-page-background-enabled":"default","ast-page-background-meta":{"desktop":{"background-color":"var(--ast-global-color-5)","background-image":"","background-repeat":"repeat","background-position":"center center","background-size":"auto","background-attachment":"scroll","background-type":"","background-media":"","overlay-type":"","overlay-color":"","overlay-opacity":"","overlay-gradient":""},"tablet":{"background-color":"","background-image":"","background-repeat":"repeat","background-position":"center center","background-size":"auto","background-attachment":"scroll","background-type":"","background-media":"","overlay-type":"","overlay-color":"","overlay-opacity":"","overlay-gradient":""},"mobile":{"background-color":"","background-image":"","background-repeat":"repeat","background-position":"center center","background-size":"auto","background-attachment":"scroll","background-type":"","background-media":"","overlay-type":"","overlay-color":"","overlay-opacity":"","overlay-gradient":""}},"ast-content-background-meta":{"desktop":{"background-color":"var(--ast-global-color-4)","background-image":"","background-repeat":"repeat","background-position":"center center","background-size":"auto","background-attachment":"scroll","background-type":"","background-media":"","overlay-type":"","overlay-color":"","overlay-opacity":"","overlay-gradient":""},"tablet":{"background-color":"var(--ast-global-color-4)","background-image":"","background-repeat":"repeat","background-position":"center center","background-size":"auto","background-attachment":"scroll","background-type":"","background-media":"","overlay-type":"","overlay-color":"","overlay-opacity":"","overlay-gradient":""},"mobile":{"background-color":"var(--ast-global-color-4)","background-image":"","background-repeat":"repeat","background-position":"center center","background-size":"auto","background-attachment":"scroll","background-type":"","background-media":"","overlay-type":"","overlay-color":"","overlay-opacity":"","overlay-gradient":""}},"footnotes":""},"class_list":["post-30","page","type-page","status-publish","hentry"],"_links":{"self":[{"href":"https:\/\/tandemconseils.com\/index.php\/wp-json\/wp\/v2\/pages\/30","targetHints":{"allow":["GET"]}}],"collection":[{"href":"https:\/\/tandemconseils.com\/index.php\/wp-json\/wp\/v2\/pages"}],"about":[{"href":"https:\/\/tandemconseils.com\/index.php\/wp-json\/wp\/v2\/types\/page"}],"author":[{"embeddable":true,"href":"https:\/\/tandemconseils.com\/index.php\/wp-json\/wp\/v2\/users\/1"}],"replies":[{"embeddable":true,"href":"https:\/\/tandemconseils.com\/index.php\/wp-json\/wp\/v2\/comments?post=30"}],"version-history":[{"count":28,"href":"https:\/\/tandemconseils.com\/index.php\/wp-json\/wp\/v2\/pages\/30\/revisions"}],"predecessor-version":[{"id":578,"href":"https:\/\/tandemconseils.com\/index.php\/wp-json\/wp\/v2\/pages\/30\/revisions\/578"}],"wp:attachment":[{"href":"https:\/\/tandemconseils.com\/index.php\/wp-json\/wp\/v2\/media?parent=30"}],"curies":[{"name":"wp","href":"https:\/\/api.w.org\/{rel}","templated":true}]}}