{"id":265,"date":"2025-07-29T16:25:36","date_gmt":"2025-07-29T16:25:36","guid":{"rendered":"http:\/\/nwavbwc.cluster021.hosting.ovh.net\/?page_id=265"},"modified":"2025-09-17T09:28:02","modified_gmt":"2025-09-17T09:28:02","slug":"sante-et-qualite-de-vie-au-travail","status":"publish","type":"page","link":"https:\/\/tandemconseils.com\/index.php\/sante-et-qualite-de-vie-au-travail\/","title":{"rendered":"Sant\u00e9 et Qualit\u00e9 de Vie au Travail"},"content":{"rendered":"\n<h2 class=\"wp-block-heading\">Sant\u00e9 et Qualit\u00e9 de Vie au Travail<\/h2>\n\n\n\n<div class=\"wp-block-columns is-layout-flex wp-container-core-columns-is-layout-beb8f2a2 wp-block-columns-is-layout-flex\" style=\"margin-top:0;margin-bottom:0;padding-top:var(--wp--preset--spacing--40);padding-right:var(--wp--preset--spacing--20);padding-bottom:var(--wp--preset--spacing--40);padding-left:var(--wp--preset--spacing--20);font-size:20px\">\n<div class=\"wp-block-column is-vertically-aligned-center is-layout-flow wp-block-column-is-layout-flow\" style=\"flex-basis:50%\">\n<h3 class=\"wp-block-heading\" style=\"font-size:30px\"><mark style=\"background-color:rgba(0, 0, 0, 0)\" class=\"has-inline-color has-ast-global-color-0-color\">Les d\u00e9fis \u00e0 relever !<\/mark><\/h3>\n\n\n\n<ul class=\"wp-block-list\">\n<li>Identifier les signaux faibles de d\u00e9sengagement<\/li>\n\n\n\n<li>R\u00e9duire les sources de stress chronique<\/li>\n\n\n\n<li>Pr\u00e9venir l\u2019absent\u00e9isme&nbsp;: comprendre les facteurs de risques psycho-sociaux<\/li>\n\n\n\n<li>Accueillir les collaborateurs apr\u00e8s un arr\u00eat de travail<\/li>\n<\/ul>\n<\/div>\n\n\n\n<div class=\"wp-block-column is-vertically-aligned-center is-layout-flow wp-block-column-is-layout-flow\" style=\"flex-basis:50%\">\n<figure class=\"wp-block-image size-full\"><img loading=\"lazy\" decoding=\"async\" width=\"900\" height=\"601\" src=\"http:\/\/nwavbwc.cluster021.hosting.ovh.net\/wp-content\/uploads\/2025\/07\/Sante-au-travail-1.jpg\" alt=\"\" class=\"wp-image-343\" srcset=\"https:\/\/tandemconseils.com\/wp-content\/uploads\/2025\/07\/Sante-au-travail-1.jpg 900w, https:\/\/tandemconseils.com\/wp-content\/uploads\/2025\/07\/Sante-au-travail-1-300x200.jpg 300w, https:\/\/tandemconseils.com\/wp-content\/uploads\/2025\/07\/Sante-au-travail-1-768x513.jpg 768w\" sizes=\"auto, (max-width: 900px) 100vw, 900px\" \/><\/figure>\n<\/div>\n<\/div>\n\n\n\n<p><\/p>\n\n\n\n<h3 class=\"wp-block-heading\" style=\"font-size:30px\">Accompagnements propos\u00e9s<\/h3>\n\n\n\n<div class=\"wp-block-group is-nowrap is-layout-flex wp-container-core-group-is-layout-316996fe wp-block-group-is-layout-flex\" style=\"margin-top:0;margin-bottom:0;padding-top:0;padding-right:var(--wp--preset--spacing--20);padding-bottom:0;padding-left:var(--wp--preset--spacing--20)\">\n<div class=\"wp-block-group has-ast-global-color-6-background-color has-background is-layout-constrained wp-block-group-is-layout-constrained\">\n<p><strong><mark style=\"background-color:rgba(0, 0, 0, 0);color:#0693e3\" class=\"has-inline-color\">Mise en place d&#8217;une d\u00e9marche QVCT (Qualit\u00e9 de Vie et Conditions de Travail)<\/mark><\/strong><\/p>\n\n\n\n<p>Diagnostic de la situation, engagement des parties prenantes, validation d\u2019un plan d\u2019actions sur-mesure coconstruit, pilotage du changement.<\/p>\n<\/div>\n\n\n\n<div class=\"wp-block-group has-ast-global-color-6-background-color has-background is-layout-constrained wp-block-group-is-layout-constrained\">\n<p><strong><mark style=\"background-color:rgba(0, 0, 0, 0);color:#0693e3\" class=\"has-inline-color\">Formation et Ateliers de Sensibilisation \u00e0 la Sant\u00e9 Mentale au travail <\/mark><\/strong><\/p>\n\n\n\n<p>Des formats dynamiques et concrets, pour s\u2019outiller, comprendre et agir (gestion du stress, \u00e9quilibre, \u00e9coute active, leadership bienveillant\u2026).<\/p>\n<\/div>\n<\/div>\n\n\n\n<p><\/p>\n\n\n\n<p><\/p>\n\n\n\n<div class=\"wp-block-buttons is-content-justification-center is-layout-flex wp-container-core-buttons-is-layout-a89b3969 wp-block-buttons-is-layout-flex\">\n<div class=\"wp-block-button\"><a class=\"wp-block-button__link wp-element-button\" href=\"https:\/\/tandemconseils.com\/index.php\/sample-page\/\" target=\"_blank\" rel=\"noreferrer noopener\">Contact<\/a><\/div>\n<\/div>\n\n\n\n<h3 class=\"wp-block-heading\" style=\"font-size:30px\">M\u00e9thode<\/h3>\n\n\n\n<ol class=\"wp-block-list\">\n<li>Cadrage des objectifs et mobilisation des parties prenantes<\/li>\n\n\n\n<li>Diagnostic (en fonction du besoin)<\/li>\n\n\n\n<li>Ateliers de formation participatifs<\/li>\n\n\n\n<li>Bilan, ancrage des apprentissages<\/li>\n<\/ol>\n\n\n\n<p><\/p>\n\n\n\n<div class=\"wp-block-buttons is-content-justification-center is-layout-flex wp-container-core-buttons-is-layout-a89b3969 wp-block-buttons-is-layout-flex\">\n<div class=\"wp-block-button\"><a class=\"wp-block-button__link wp-element-button\" href=\"https:\/\/tandemconseils.com\/index.php\/sample-page\/\" target=\"_blank\" rel=\"noreferrer noopener\">Contact<\/a><\/div>\n<\/div>\n\n\n\n<p><\/p>\n","protected":false},"excerpt":{"rendered":"<p>Sant\u00e9 et Qualit\u00e9 de Vie au Travail Les d\u00e9fis \u00e0 relever ! Accompagnements propos\u00e9s Mise en place d&#8217;une d\u00e9marche QVCT [&hellip;]<\/p>\n","protected":false},"author":1,"featured_media":0,"parent":0,"menu_order":0,"comment_status":"closed","ping_status":"closed","template":"","meta":{"site-sidebar-layout":"default","site-content-layout":"","ast-site-content-layout":"default","site-content-style":"default","site-sidebar-style":"default","ast-global-header-display":"","ast-banner-title-visibility":"","ast-main-header-display":"","ast-hfb-above-header-display":"","ast-hfb-below-header-display":"","ast-hfb-mobile-header-display":"","site-post-title":"disabled","ast-breadcrumbs-content":"","ast-featured-img":"","footer-sml-layout":"","theme-transparent-header-meta":"","adv-header-id-meta":"","stick-header-meta":"","header-above-stick-meta":"","header-main-stick-meta":"","header-below-stick-meta":"","astra-migrate-meta-layouts":"default","ast-page-background-enabled":"default","ast-page-background-meta":{"desktop":{"background-color":"var(--ast-global-color-5)","background-image":"","background-repeat":"repeat","background-position":"center center","background-size":"auto","background-attachment":"scroll","background-type":"","background-media":"","overlay-type":"","overlay-color":"","overlay-opacity":"","overlay-gradient":""},"tablet":{"background-color":"","background-image":"","background-repeat":"repeat","background-position":"center center","background-size":"auto","background-attachment":"scroll","background-type":"","background-media":"","overlay-type":"","overlay-color":"","overlay-opacity":"","overlay-gradient":""},"mobile":{"background-color":"","background-image":"","background-repeat":"repeat","background-position":"center center","background-size":"auto","background-attachment":"scroll","background-type":"","background-media":"","overlay-type":"","overlay-color":"","overlay-opacity":"","overlay-gradient":""}},"ast-content-background-meta":{"desktop":{"background-color":"var(--ast-global-color-4)","background-image":"","background-repeat":"repeat","background-position":"center center","background-size":"auto","background-attachment":"scroll","background-type":"","background-media":"","overlay-type":"","overlay-color":"","overlay-opacity":"","overlay-gradient":""},"tablet":{"background-color":"var(--ast-global-color-4)","background-image":"","background-repeat":"repeat","background-position":"center center","background-size":"auto","background-attachment":"scroll","background-type":"","background-media":"","overlay-type":"","overlay-color":"","overlay-opacity":"","overlay-gradient":""},"mobile":{"background-color":"var(--ast-global-color-4)","background-image":"","background-repeat":"repeat","background-position":"center center","background-size":"auto","background-attachment":"scroll","background-type":"","background-media":"","overlay-type":"","overlay-color":"","overlay-opacity":"","overlay-gradient":""}},"footnotes":""},"class_list":["post-265","page","type-page","status-publish","hentry"],"_links":{"self":[{"href":"https:\/\/tandemconseils.com\/index.php\/wp-json\/wp\/v2\/pages\/265","targetHints":{"allow":["GET"]}}],"collection":[{"href":"https:\/\/tandemconseils.com\/index.php\/wp-json\/wp\/v2\/pages"}],"about":[{"href":"https:\/\/tandemconseils.com\/index.php\/wp-json\/wp\/v2\/types\/page"}],"author":[{"embeddable":true,"href":"https:\/\/tandemconseils.com\/index.php\/wp-json\/wp\/v2\/users\/1"}],"replies":[{"embeddable":true,"href":"https:\/\/tandemconseils.com\/index.php\/wp-json\/wp\/v2\/comments?post=265"}],"version-history":[{"count":13,"href":"https:\/\/tandemconseils.com\/index.php\/wp-json\/wp\/v2\/pages\/265\/revisions"}],"predecessor-version":[{"id":580,"href":"https:\/\/tandemconseils.com\/index.php\/wp-json\/wp\/v2\/pages\/265\/revisions\/580"}],"wp:attachment":[{"href":"https:\/\/tandemconseils.com\/index.php\/wp-json\/wp\/v2\/media?parent=265"}],"curies":[{"name":"wp","href":"https:\/\/api.w.org\/{rel}","templated":true}]}}