{"id":222,"date":"2025-07-29T15:05:50","date_gmt":"2025-07-29T15:05:50","guid":{"rendered":"http:\/\/nwavbwc.cluster021.hosting.ovh.net\/?page_id=222"},"modified":"2025-09-17T09:27:21","modified_gmt":"2025-09-17T09:27:21","slug":"accompagnement-collectif","status":"publish","type":"page","link":"https:\/\/tandemconseils.com\/index.php\/accompagnement-collectif\/","title":{"rendered":"Accompagnement collectif"},"content":{"rendered":"\n<h2 class=\"wp-block-heading\">Accompagnement collectif<\/h2>\n\n\n\n<div class=\"wp-block-columns is-layout-flex wp-container-core-columns-is-layout-beb8f2a2 wp-block-columns-is-layout-flex\" style=\"margin-top:0;margin-bottom:0;padding-top:var(--wp--preset--spacing--40);padding-right:var(--wp--preset--spacing--20);padding-bottom:var(--wp--preset--spacing--40);padding-left:var(--wp--preset--spacing--20);font-size:20px\">\n<div class=\"wp-block-column is-vertically-aligned-center is-layout-flow wp-block-column-is-layout-flow\" style=\"flex-basis:50%\">\n<h3 class=\"wp-block-heading\" style=\"font-size:30px\"><mark style=\"background-color:rgba(0, 0, 0, 0)\" class=\"has-inline-color has-ast-global-color-0-color\">Les d\u00e9fis \u00e0 relever !<\/mark><\/h3>\n\n\n\n<ul class=\"wp-block-list\">\n<li>Construire une vision commune, o\u00f9 se r\u00e9inventer<\/li>\n\n\n\n<li>Engager le collectif autour d\u2019un projet de transformations<\/li>\n\n\n\n<li>Retrouver le plaisir de travailler ensemble apr\u00e8s une p\u00e9riode difficile<\/li>\n\n\n\n<li>Renforcer la coop\u00e9ration et l\u2019autonomie<\/li>\n\n\n\n<li>Travailler efficacement, m\u00eame \u00e0 distance<\/li>\n<\/ul>\n<\/div>\n\n\n\n<div class=\"wp-block-column is-vertically-aligned-center is-layout-flow wp-block-column-is-layout-flow\" style=\"flex-basis:50%\">\n<figure class=\"wp-block-image alignright size-large\"><img loading=\"lazy\" decoding=\"async\" width=\"1024\" height=\"683\" src=\"http:\/\/nwavbwc.cluster021.hosting.ovh.net\/wp-content\/uploads\/2025\/07\/Solutions_Pour-des-equipes-cooperatives-agiles-et-apprenantes_Healthy-Management-1024x683.jpeg\" alt=\"\" class=\"wp-image-76\" srcset=\"https:\/\/tandemconseils.com\/wp-content\/uploads\/2025\/07\/Solutions_Pour-des-equipes-cooperatives-agiles-et-apprenantes_Healthy-Management-1024x683.jpeg 1024w, https:\/\/tandemconseils.com\/wp-content\/uploads\/2025\/07\/Solutions_Pour-des-equipes-cooperatives-agiles-et-apprenantes_Healthy-Management-300x200.jpeg 300w, https:\/\/tandemconseils.com\/wp-content\/uploads\/2025\/07\/Solutions_Pour-des-equipes-cooperatives-agiles-et-apprenantes_Healthy-Management-768x512.jpeg 768w, https:\/\/tandemconseils.com\/wp-content\/uploads\/2025\/07\/Solutions_Pour-des-equipes-cooperatives-agiles-et-apprenantes_Healthy-Management-1536x1024.jpeg 1536w\" sizes=\"auto, (max-width: 1024px) 100vw, 1024px\" \/><\/figure>\n<\/div>\n<\/div>\n\n\n\n<p><\/p>\n\n\n\n<h3 class=\"wp-block-heading\" style=\"font-size:30px\">Accompagnements propos\u00e9s<\/h3>\n\n\n\n<div class=\"wp-block-group alignfull is-content-justification-center is-nowrap is-layout-flex wp-container-core-group-is-layout-d6f1d914 wp-block-group-is-layout-flex\" style=\"margin-top:0;margin-bottom:0;padding-top:0;padding-right:1rem;padding-bottom:0;padding-left:1rem\">\n<div class=\"wp-block-group has-ast-global-color-6-background-color has-background is-layout-constrained wp-block-group-is-layout-constrained\">\n<p><strong><mark style=\"background-color:rgba(0, 0, 0, 0);color:#0693e3\" class=\"has-inline-color\">Des parcours sur mesure d\u00e9velopp\u00e9s en fonction de vos besoins&#8230;<\/mark><\/strong><\/p>\n\n\n\n<p>Des parcours sur-mesure qui mobilisent l\u2019<strong>intelligence collective<\/strong> et la <strong>co-construction.<\/strong><br>Nous travaillons sur les interactions, la communication, l\u2019efficacit\u00e9, et l\u2019envie de faire ensemble.<\/p>\n\n\n\n<p>Exemples de parcours : Team Building, S\u00e9minaires, Ateliers de Co-D\u00e9veloppement, Apports P\u00e9dagogiques&#8230;<\/p>\n\n\n\n<div class=\"wp-block-columns is-layout-flex wp-container-core-columns-is-layout-28f84493 wp-block-columns-is-layout-flex\">\n<div class=\"wp-block-column is-layout-flow wp-container-core-column-is-layout-bdfd4f93 wp-block-column-is-layout-flow\" style=\"border-style:none;border-width:0px;border-radius:0px;padding-top:0;padding-right:var(--wp--preset--spacing--40);padding-bottom:0;padding-left:var(--wp--preset--spacing--40);font-size:8px;flex-basis:100%\">\n<div class=\"wp-block-group is-content-justification-center is-nowrap is-layout-flex wp-container-core-group-is-layout-188cc23e wp-block-group-is-layout-flex\" style=\"border-style:none;border-width:0px;margin-top:var(--wp--preset--spacing--30);margin-bottom:var(--wp--preset--spacing--30)\">\n<figure class=\"wp-block-image size-full is-resized\" style=\"margin-right:var(--wp--preset--spacing--20);margin-left:var(--wp--preset--spacing--20)\"><img loading=\"lazy\" decoding=\"async\" width=\"235\" height=\"214\" src=\"http:\/\/nwavbwc.cluster021.hosting.ovh.net\/wp-content\/uploads\/2025\/07\/Icone-Team-Building-accompagnement-collectif.jpg\" alt=\"\" class=\"wp-image-259\" style=\"width:110px;height:auto\"\/><\/figure>\n\n\n\n<figure class=\"wp-block-image size-full is-resized\" style=\"margin-right:var(--wp--preset--spacing--20);margin-left:var(--wp--preset--spacing--20)\"><img loading=\"lazy\" decoding=\"async\" width=\"211\" height=\"180\" src=\"http:\/\/nwavbwc.cluster021.hosting.ovh.net\/wp-content\/uploads\/2025\/07\/Icone-Creativite-accompagnement-collectif.jpg\" alt=\"\" class=\"wp-image-260\" style=\"width:117px;height:auto\"\/><\/figure>\n\n\n\n<figure class=\"wp-block-image size-full is-resized\" style=\"margin-right:var(--wp--preset--spacing--20);margin-left:var(--wp--preset--spacing--20)\"><img loading=\"lazy\" decoding=\"async\" width=\"234\" height=\"202\" src=\"http:\/\/nwavbwc.cluster021.hosting.ovh.net\/wp-content\/uploads\/2025\/07\/Icone-Reunion-accompagnement-collectif.jpg\" alt=\"\" class=\"wp-image-261\" style=\"width:115px;height:auto\"\/><\/figure>\n\n\n\n<figure class=\"wp-block-image size-full is-resized\" style=\"margin-right:var(--wp--preset--spacing--20);margin-left:var(--wp--preset--spacing--20)\"><img loading=\"lazy\" decoding=\"async\" width=\"225\" height=\"190\" src=\"http:\/\/nwavbwc.cluster021.hosting.ovh.net\/wp-content\/uploads\/2025\/07\/Icone-Formation-accompagnement-collectif.jpg\" alt=\"\" class=\"wp-image-262\" style=\"width:117px;height:auto\"\/><\/figure>\n<\/div>\n<\/div>\n<\/div>\n<\/div>\n<\/div>\n\n\n\n<p><\/p>\n\n\n\n<div class=\"wp-block-buttons is-content-justification-center is-layout-flex wp-container-core-buttons-is-layout-a89b3969 wp-block-buttons-is-layout-flex\">\n<div class=\"wp-block-button\"><a class=\"wp-block-button__link wp-element-button\" href=\"https:\/\/tandemconseils.com\/index.php\/sample-page\/\" target=\"_blank\" rel=\"noreferrer noopener\">Contact<\/a><\/div>\n<\/div>\n\n\n\n<h3 class=\"wp-block-heading\" style=\"font-size:30px\">M\u00e9thode<\/h3>\n\n\n\n<ol class=\"wp-block-list\">\n<li>Cadrage de la mission avec les commanditaires<\/li>\n\n\n\n<li>Diagnostic \/ Immersion \u00ab&nbsp;sur le&nbsp;terrain&nbsp;\u00bb<\/li>\n\n\n\n<li>Construction et validation du programme d\u2019accompagnement<\/li>\n\n\n\n<li>Atelier(s) de travail et de coconstruction avec l\u2019\u00e9quipe<\/li>\n\n\n\n<li>Bilan et retour d\u2019exp\u00e9rience diff\u00e9r\u00e9<\/li>\n<\/ol>\n\n\n\n<div class=\"wp-block-buttons is-content-justification-center is-layout-flex wp-container-core-buttons-is-layout-a89b3969 wp-block-buttons-is-layout-flex\">\n<div class=\"wp-block-button\"><a class=\"wp-block-button__link wp-element-button\" href=\"https:\/\/tandemconseils.com\/index.php\/sample-page\/\" target=\"_blank\" rel=\"noreferrer noopener\">Contact<\/a><\/div>\n<\/div>\n\n\n\n<p><\/p>\n","protected":false},"excerpt":{"rendered":"<p>Accompagnement collectif Les d\u00e9fis \u00e0 relever ! Accompagnements propos\u00e9s Des parcours sur mesure d\u00e9velopp\u00e9s en fonction de vos besoins&#8230; Des [&hellip;]<\/p>\n","protected":false},"author":1,"featured_media":0,"parent":0,"menu_order":0,"comment_status":"closed","ping_status":"closed","template":"","meta":{"site-sidebar-layout":"default","site-content-layout":"","ast-site-content-layout":"default","site-content-style":"default","site-sidebar-style":"default","ast-global-header-display":"","ast-banner-title-visibility":"","ast-main-header-display":"","ast-hfb-above-header-display":"","ast-hfb-below-header-display":"","ast-hfb-mobile-header-display":"","site-post-title":"disabled","ast-breadcrumbs-content":"","ast-featured-img":"","footer-sml-layout":"","theme-transparent-header-meta":"","adv-header-id-meta":"","stick-header-meta":"","header-above-stick-meta":"","header-main-stick-meta":"","header-below-stick-meta":"","astra-migrate-meta-layouts":"default","ast-page-background-enabled":"default","ast-page-background-meta":{"desktop":{"background-color":"var(--ast-global-color-5)","background-image":"","background-repeat":"repeat","background-position":"center center","background-size":"auto","background-attachment":"scroll","background-type":"","background-media":"","overlay-type":"","overlay-color":"","overlay-opacity":"","overlay-gradient":""},"tablet":{"background-color":"","background-image":"","background-repeat":"repeat","background-position":"center center","background-size":"auto","background-attachment":"scroll","background-type":"","background-media":"","overlay-type":"","overlay-color":"","overlay-opacity":"","overlay-gradient":""},"mobile":{"background-color":"","background-image":"","background-repeat":"repeat","background-position":"center center","background-size":"auto","background-attachment":"scroll","background-type":"","background-media":"","overlay-type":"","overlay-color":"","overlay-opacity":"","overlay-gradient":""}},"ast-content-background-meta":{"desktop":{"background-color":"var(--ast-global-color-4)","background-image":"","background-repeat":"repeat","background-position":"center center","background-size":"auto","background-attachment":"scroll","background-type":"","background-media":"","overlay-type":"","overlay-color":"","overlay-opacity":"","overlay-gradient":""},"tablet":{"background-color":"var(--ast-global-color-4)","background-image":"","background-repeat":"repeat","background-position":"center center","background-size":"auto","background-attachment":"scroll","background-type":"","background-media":"","overlay-type":"","overlay-color":"","overlay-opacity":"","overlay-gradient":""},"mobile":{"background-color":"var(--ast-global-color-4)","background-image":"","background-repeat":"repeat","background-position":"center center","background-size":"auto","background-attachment":"scroll","background-type":"","background-media":"","overlay-type":"","overlay-color":"","overlay-opacity":"","overlay-gradient":""}},"footnotes":""},"class_list":["post-222","page","type-page","status-publish","hentry"],"_links":{"self":[{"href":"https:\/\/tandemconseils.com\/index.php\/wp-json\/wp\/v2\/pages\/222","targetHints":{"allow":["GET"]}}],"collection":[{"href":"https:\/\/tandemconseils.com\/index.php\/wp-json\/wp\/v2\/pages"}],"about":[{"href":"https:\/\/tandemconseils.com\/index.php\/wp-json\/wp\/v2\/types\/page"}],"author":[{"embeddable":true,"href":"https:\/\/tandemconseils.com\/index.php\/wp-json\/wp\/v2\/users\/1"}],"replies":[{"embeddable":true,"href":"https:\/\/tandemconseils.com\/index.php\/wp-json\/wp\/v2\/comments?post=222"}],"version-history":[{"count":28,"href":"https:\/\/tandemconseils.com\/index.php\/wp-json\/wp\/v2\/pages\/222\/revisions"}],"predecessor-version":[{"id":579,"href":"https:\/\/tandemconseils.com\/index.php\/wp-json\/wp\/v2\/pages\/222\/revisions\/579"}],"wp:attachment":[{"href":"https:\/\/tandemconseils.com\/index.php\/wp-json\/wp\/v2\/media?parent=222"}],"curies":[{"name":"wp","href":"https:\/\/api.w.org\/{rel}","templated":true}]}}